{"id":20,"date":"2021-02-19T09:42:08","date_gmt":"2021-02-19T09:42:08","guid":{"rendered":"http:\/\/insiktutsikt.nu\/?page_id=20"},"modified":"2021-02-19T09:42:10","modified_gmt":"2021-02-19T09:42:10","slug":"om-oss","status":"publish","type":"page","link":"http:\/\/insiktutsikt.nu\/?page_id=20","title":{"rendered":"Om oss"},"content":{"rendered":"<p>V\u00e4lkomna till denna webbplats som handlar om osunda levnadsvanor n\u00e4r det kommer till alkohol, tobak och droger bland studenter och vuxna. Vi tar upp organisationers str\u00e4van att minska konsumtionen av skadlig stimulantia. \u00c4mnen om h\u00e4lsa, mun- och tandh\u00e4lsa \u00e4r ocks\u00e5 ett fokus. Hur ska vi hantera r\u00f6kningens skadeverkningar i munnens slemhinnor och p\u00e5 t\u00e4nderna?<img loading=\"lazy\" class=\"alignnone size-full wp-image-21\" src=\"http:\/\/insiktutsikt.nu\/wp-content\/uploads\/2021\/02\/2531cdff0e30a18ba54b2ec31b89293f77a0f892.jpg\" alt=\"\" width=\"630\" height=\"351\" srcset=\"http:\/\/insiktutsikt.nu\/wp-content\/uploads\/2021\/02\/2531cdff0e30a18ba54b2ec31b89293f77a0f892.jpg 630w, http:\/\/insiktutsikt.nu\/wp-content\/uploads\/2021\/02\/2531cdff0e30a18ba54b2ec31b89293f77a0f892-300x167.jpg 300w, http:\/\/insiktutsikt.nu\/wp-content\/uploads\/2021\/02\/2531cdff0e30a18ba54b2ec31b89293f77a0f892-345x192.jpg 345w\" sizes=\"(max-width: 630px) 100vw, 630px\" \/><\/p>\n<p>N\u00e4r det kommer till missbruksproblematik och diskussioner om vad h\u00e4lsa \u00e4r s\u00e5 finns det lika m\u00e5nga \u00e5sikter som det finns m\u00e4nniskor. Det finns alltid nya r\u00f6n och nya s\u00e4tt att se p\u00e5 saker och det \u00e4r alltid sp\u00e4nnande att l\u00e4sa ett \u00e4mne ur olika synvinklar.<\/p>\n<p><a name=\"_Toc7\"><\/a>Risker och konsekvenser<\/p>\n<p>Alltid n\u00e4r missbruk kommer p\u00e5 tal, oavsett om det g\u00e4ller r\u00f6kning eller f\u00f6r mycket alkohol s\u00e5 kommer riskerna och konsekvenser av det upp p\u00e5 agendan. Risken att hamna i missbruk och hur ska det f\u00f6rhindras? N\u00e4r det redan \u00e4r ett faktum och substansen har tagit kommandot d\u00e5 kommer konsekvenserna en efter en. Ett missbruk har stora negativa konsekvenser b\u00e5de fysiskt och psykiskt. Kroppen f\u00f6rfaller, t\u00e4nderna ramlar ut och \u00e5ngesten kommer allt oftare och knackar p\u00e5 din d\u00f6rr. \u00c4ven om man lyckas ta sig ur det s\u00e5 \u00e4r den tiden en f\u00f6ljeslagare f\u00f6r resten av livet. De n\u00e4rst\u00e5ende blir involverade och ber\u00f6rda.<\/p>\n<h2><a name=\"_Toc8\"><\/a>Finns ett gott liv<\/h2>\n<p>Men det g\u00e5r verkligen ta sig ur och f\u00e5 ett meningsfullt, lyckligt liv. Fysiskt kommer man \u00e5terh\u00e4mta sig och det g\u00e5r att laga t\u00e4nderna. Det st\u00e4rker \u00e4ven psyket och styrkan i att sluta missbruka kan ocks\u00e5 anv\u00e4ndas till att hj\u00e4lpa andra till ett nyktert liv. N\u00e4r man sj\u00e4lv varit p\u00e5 den sidan \u00e4r man den enda som f\u00f6rst\u00e5r vad en m\u00e4nniska som vill sluta men har tappat kontrollen g\u00e5r igenom. Det \u00e4r skam, skuld, k\u00e4nslor av v\u00e4rdel\u00f6shet, bitterhet och samtidigt \u00e4r suget efter substansen stark. Men det g\u00e5r att vinna och det finns m\u00e5nga levande bevis p\u00e5 det. Och kroppens fantastiska f\u00f6rm\u00e5ga att l\u00e4ka sig sj\u00e4lv ger en morot till ett h\u00e4lsosamt liv bara det.<\/p>\n","protected":false},"excerpt":{"rendered":"<p>V\u00e4lkomna till denna webbplats som handlar om osunda levnadsvanor n\u00e4r det kommer till alkohol, tobak och droger bland studenter och vuxna. Vi tar upp organisationers str\u00e4van att minska konsumtionen av skadlig stimulantia. \u00c4mnen om h\u00e4lsa, mun- och tandh\u00e4lsa \u00e4r ocks\u00e5 ett fokus. Hur ska vi hantera r\u00f6kningens skadeverkningar i munnens slemhinnor och p\u00e5 t\u00e4nderna? N\u00e4r &hellip; <a href=\"http:\/\/insiktutsikt.nu\/?page_id=20\" class=\"more-link\">Forts\u00e4tt l\u00e4sa <span class=\"screen-reader-text\">Om oss<\/span><\/a><\/p>\n","protected":false},"author":1,"featured_media":21,"parent":0,"menu_order":0,"comment_status":"closed","ping_status":"closed","template":"","meta":[],"_links":{"self":[{"href":"http:\/\/insiktutsikt.nu\/index.php?rest_route=\/wp\/v2\/pages\/20"}],"collection":[{"href":"http:\/\/insiktutsikt.nu\/index.php?rest_route=\/wp\/v2\/pages"}],"about":[{"href":"http:\/\/insiktutsikt.nu\/index.php?rest_route=\/wp\/v2\/types\/page"}],"author":[{"embeddable":true,"href":"http:\/\/insiktutsikt.nu\/index.php?rest_route=\/wp\/v2\/users\/1"}],"replies":[{"embeddable":true,"href":"http:\/\/insiktutsikt.nu\/index.php?rest_route=%2Fwp%2Fv2%2Fcomments&post=20"}],"version-history":[{"count":1,"href":"http:\/\/insiktutsikt.nu\/index.php?rest_route=\/wp\/v2\/pages\/20\/revisions"}],"predecessor-version":[{"id":22,"href":"http:\/\/insiktutsikt.nu\/index.php?rest_route=\/wp\/v2\/pages\/20\/revisions\/22"}],"wp:featuredmedia":[{"embeddable":true,"href":"http:\/\/insiktutsikt.nu\/index.php?rest_route=\/wp\/v2\/media\/21"}],"wp:attachment":[{"href":"http:\/\/insiktutsikt.nu\/index.php?rest_route=%2Fwp%2Fv2%2Fmedia&parent=20"}],"curies":[{"name":"wp","href":"https:\/\/api.w.org\/{rel}","templated":true}]}}